{"id":2264,"date":"2020-10-26T09:08:54","date_gmt":"2020-10-26T09:08:54","guid":{"rendered":"https:\/\/hekuru.de\/?page_id=2264"},"modified":"2020-12-03T15:21:01","modified_gmt":"2020-12-03T15:21:01","slug":"barrierefreiheit","status":"publish","type":"page","link":"https:\/\/hekuru.de\/index.php\/barrierefreiheit\/","title":{"rendered":"Barrierefreiheit"},"content":{"rendered":"<div class=\"fusion-fullwidth fullwidth-box fusion-builder-row-1 fusion-flex-container nonhundred-percent-fullwidth non-hundred-percent-height-scrolling\" style=\"background-color: rgba(255,255,255,0);background-position: center center;background-repeat: no-repeat;border-width: 0px 0px 0px 0px;border-color:#e7e4e2;border-style:solid;\" ><div class=\"fusion-builder-row fusion-row fusion-flex-align-items-flex-start\" style=\"max-width:1331.2px;margin-left: calc(-4% \/ 2 );margin-right: calc(-4% \/ 2 );\"><div class=\"fusion-layout-column fusion_builder_column fusion-builder-column-0 fusion_builder_column_1_1 1_1 fusion-flex-column\"><div class=\"fusion-column-wrapper fusion-flex-justify-content-flex-start fusion-content-layout-column\" style=\"background-position:left top;background-repeat:no-repeat;-webkit-background-size:cover;-moz-background-size:cover;-o-background-size:cover;background-size:cover;padding: 0px 0px 0px 0px;\"><div class=\"fusion-text fusion-text-1\"><p><strong>Erkl\u00e4rung zur Barrierefreiheit<\/strong><\/p>\n<p>Die TU Dortmund hat den Anspruch, ihre Websites und mobilen Anwendungen entsprechend der EU-Richtlinie 2016\/2102 barrierefrei zug\u00e4nglich zu machen. Die folgende Erkl\u00e4rung zur Barrierefreiheit dokumentiert den Umsetzungsstand f\u00fcr den Webauftritt <a href=\"http:\/\/www.tu-dortmund.de\">www.tu-dortmund.de<\/a> (ohne Subdomains) gem\u00e4\u00df der <a href=\"https:\/\/recht.nrw.de\/lmi\/owa\/br_text_anzeigen?v_id=10000000000000000724\">Verordnung zur Schaffung barrierefreier In\u00adfor\u00adma\u00adti\u00adons\u00adtech\u00adnik nach dem Behindertengleichstellungsgesetz Nordrhein-Westfalen<\/a> .<\/p>\n<p><strong>Stand der Vereinbarkeit mit den Anforderungen<\/strong><\/p>\n<p>Diese Website ist mit der EU-Richtlinie 2016\/2102 teilweise konform.<\/p>\n<p>Methodik der Pr\u00fcfung: Selbstbewertung<\/p>\n<p>Erstellt am: 20.09.2019<br \/>\nZuletzt gepr\u00fcft am: 17.10.2019<\/p>\n<p><strong>Nicht barrierefreie Inhalte<\/strong><\/p>\n<p>Die nachstehend aufgef\u00fchrten Inhalte sind nicht barrierefrei:<\/p>\n<ul>\n<li>\/<\/li>\n<\/ul>\n<p>Gr\u00fcnde:<\/p>\n<ul>\n<li>\/<\/li>\n<\/ul>\n<p>Barrierefreie Alternativen:<\/p>\n<ul>\n<li>\/<\/li>\n<\/ul>\n<p><strong>Feedback und Kontaktangaben<\/strong><\/p>\n<p>Sie k\u00f6nnen uns M\u00e4ngel bei der Einhaltung der An\u00adfor\u00adder\u00adungen an die Bar\u00adri\u00ade\u00adre\u00adfrei\u00adheitmitteilen und In\u00adfor\u00adma\u00adti\u00adonen zu Inhalten anfordern, die von der Richtlinie ausgenommen sind.<\/p>\n<p>Kontakt:<\/p>\n<p>Forschungsprojekt hekuru<br \/>\nEmil-Figge-Str. 80<br \/>\n44227 Dortmund<\/p>\n<p>Email: hekuru.ev.fk14@tu-dortmund.de<\/p>\n<p>Bitte geben Sie bei der Nachricht das Stichwort<em> <\/em><em>Bar\u00adri\u00ade\u00adre\u00adfrei\u00adheit<\/em><em> und Forschungsprojekt<\/em> <em>hekuru<\/em> an.<\/p>\n<p><strong>Durchsetzungsverfahren<\/strong><\/p>\n<p>Sollten Sie auf Mitteilungen oder Anfragen zur Bar\u00adri\u00ade\u00adre\u00adfrei\u00adheit innerhalb von sechs Wochen keine zufriedenstellende Antwort erhalten haben, k\u00f6nnen Sie die Ombudsstelle f\u00fcr barrierefreie In\u00adfor\u00adma\u00adti\u00adons\u00adtech\u00adnik einschalten. Sie ist der oder dem Beauftragten f\u00fcr die Belange der Men\u00adschen mit Be\u00adhin\u00adderung nach \u00a7 11 des Behindertengleichstellungsgesetzes Nordrhein-Westfalen zugeordnet. Wenn Sie ein Ombudsverfahren w\u00fcnschen, f\u00fcllen Sie bitte den entsprechenden <a href=\"https:\/\/www.mags.nrw\/sites\/default\/files\/asset\/document\/antrag_ombudsverfahren_0.pdf\">Antrag <\/a>aus und senden ihn per <a href=\"mailto:ombudsstelle-barrierefreie-it@mags.nrw.de\">E-Mail<\/a> an die Ombudsstelle.<\/p>\n<p>Ombudsstelle f\u00fcr barrierefreie In\u00adfor\u00adma\u00adti\u00adons\u00adtech\u00adnik des<br \/>\nLandes Nordrhein-Westfalen bei der Landesbeauftragten<br \/>\nf\u00fcr Men\u00adschen mit Be\u00adhin\u00adde\u00adrun\u00adgen<br \/>\nF\u00fcrstenwall 25<br \/>\n40219 D\u00fcsseldorf<\/p>\n<\/div><\/div><style type=\"text\/css\">.fusion-body .fusion-builder-column-0{width:100% !important;margin-top : 10px;margin-bottom : 10px;}.fusion-builder-column-0 > .fusion-column-wrapper {padding-top : 0px !important;padding-right : 0px !important;margin-right : 1.92%;padding-bottom : 0px !important;padding-left : 0px !important;margin-left : 1.92%;}@media only screen and (max-width:1024px) {.fusion-body .fusion-builder-column-0{width:100% !important;order : 0;}.fusion-builder-column-0 > .fusion-column-wrapper {margin-right : 1.92%;margin-left : 1.92%;}}@media only screen and (max-width:640px) {.fusion-body .fusion-builder-column-0{width:100% !important;order : 0;}.fusion-builder-column-0 > .fusion-column-wrapper {margin-right : 1.92%;margin-left : 1.92%;}}<\/style><\/div><\/div><style type=\"text\/css\">.fusion-body .fusion-flex-container.fusion-builder-row-1{ padding-top : 0px;margin-top : 0px;padding-right : 0px;padding-bottom : 0px;margin-bottom : 0px;padding-left : 0px;}<\/style><\/div>\n","protected":false},"excerpt":{"rendered":"","protected":false},"author":6,"featured_media":0,"parent":0,"menu_order":0,"comment_status":"closed","ping_status":"closed","template":"","meta":{"footnotes":""},"class_list":["post-2264","page","type-page","status-publish","hentry"],"yoast_head":"<!-- This site is optimized with the Yoast SEO plugin v26.7 - https:\/\/yoast.com\/wordpress\/plugins\/seo\/ -->\n<title>Barrierefreiheit - Hekuru<\/title>\n<meta name=\"robots\" content=\"index, follow, max-snippet:-1, max-image-preview:large, max-video-preview:-1\" \/>\n<link rel=\"canonical\" href=\"https:\/\/hekuru.de\/index.php\/barrierefreiheit\/\" \/>\n<meta property=\"og:locale\" content=\"de_DE\" \/>\n<meta property=\"og:type\" content=\"article\" \/>\n<meta property=\"og:title\" content=\"Barrierefreiheit - Hekuru\" \/>\n<meta property=\"og:url\" content=\"https:\/\/hekuru.de\/index.php\/barrierefreiheit\/\" \/>\n<meta property=\"og:site_name\" content=\"Hekuru\" \/>\n<meta property=\"article:modified_time\" content=\"2020-12-03T15:21:01+00:00\" \/>\n<meta name=\"twitter:card\" content=\"summary_large_image\" \/>\n<meta name=\"twitter:label1\" content=\"Gesch\u00e4tzte Lesezeit\" \/>\n\t<meta name=\"twitter:data1\" content=\"4\u00a0Minuten\" \/>\n<script type=\"application\/ld+json\" class=\"yoast-schema-graph\">{\"@context\":\"https:\/\/schema.org\",\"@graph\":[{\"@type\":\"WebPage\",\"@id\":\"https:\/\/hekuru.de\/index.php\/barrierefreiheit\/\",\"url\":\"https:\/\/hekuru.de\/index.php\/barrierefreiheit\/\",\"name\":\"Barrierefreiheit - Hekuru\",\"isPartOf\":{\"@id\":\"https:\/\/hekuru.de\/#website\"},\"datePublished\":\"2020-10-26T09:08:54+00:00\",\"dateModified\":\"2020-12-03T15:21:01+00:00\",\"breadcrumb\":{\"@id\":\"https:\/\/hekuru.de\/index.php\/barrierefreiheit\/#breadcrumb\"},\"inLanguage\":\"de\",\"potentialAction\":[{\"@type\":\"ReadAction\",\"target\":[\"https:\/\/hekuru.de\/index.php\/barrierefreiheit\/\"]}]},{\"@type\":\"BreadcrumbList\",\"@id\":\"https:\/\/hekuru.de\/index.php\/barrierefreiheit\/#breadcrumb\",\"itemListElement\":[{\"@type\":\"ListItem\",\"position\":1,\"name\":\"Startseite\",\"item\":\"https:\/\/hekuru.de\/\"},{\"@type\":\"ListItem\",\"position\":2,\"name\":\"Barrierefreiheit\"}]},{\"@type\":\"WebSite\",\"@id\":\"https:\/\/hekuru.de\/#website\",\"url\":\"https:\/\/hekuru.de\/\",\"name\":\"Hekuru\",\"description\":\"Heterogenit\u00e4t - Kunst - Religionsunterricht\",\"potentialAction\":[{\"@type\":\"SearchAction\",\"target\":{\"@type\":\"EntryPoint\",\"urlTemplate\":\"https:\/\/hekuru.de\/?s={search_term_string}\"},\"query-input\":{\"@type\":\"PropertyValueSpecification\",\"valueRequired\":true,\"valueName\":\"search_term_string\"}}],\"inLanguage\":\"de\"}]}<\/script>\n<!-- \/ Yoast SEO plugin. -->","yoast_head_json":{"title":"Barrierefreiheit - Hekuru","robots":{"index":"index","follow":"follow","max-snippet":"max-snippet:-1","max-image-preview":"max-image-preview:large","max-video-preview":"max-video-preview:-1"},"canonical":"https:\/\/hekuru.de\/index.php\/barrierefreiheit\/","og_locale":"de_DE","og_type":"article","og_title":"Barrierefreiheit - Hekuru","og_url":"https:\/\/hekuru.de\/index.php\/barrierefreiheit\/","og_site_name":"Hekuru","article_modified_time":"2020-12-03T15:21:01+00:00","twitter_card":"summary_large_image","twitter_misc":{"Gesch\u00e4tzte Lesezeit":"4\u00a0Minuten"},"schema":{"@context":"https:\/\/schema.org","@graph":[{"@type":"WebPage","@id":"https:\/\/hekuru.de\/index.php\/barrierefreiheit\/","url":"https:\/\/hekuru.de\/index.php\/barrierefreiheit\/","name":"Barrierefreiheit - Hekuru","isPartOf":{"@id":"https:\/\/hekuru.de\/#website"},"datePublished":"2020-10-26T09:08:54+00:00","dateModified":"2020-12-03T15:21:01+00:00","breadcrumb":{"@id":"https:\/\/hekuru.de\/index.php\/barrierefreiheit\/#breadcrumb"},"inLanguage":"de","potentialAction":[{"@type":"ReadAction","target":["https:\/\/hekuru.de\/index.php\/barrierefreiheit\/"]}]},{"@type":"BreadcrumbList","@id":"https:\/\/hekuru.de\/index.php\/barrierefreiheit\/#breadcrumb","itemListElement":[{"@type":"ListItem","position":1,"name":"Startseite","item":"https:\/\/hekuru.de\/"},{"@type":"ListItem","position":2,"name":"Barrierefreiheit"}]},{"@type":"WebSite","@id":"https:\/\/hekuru.de\/#website","url":"https:\/\/hekuru.de\/","name":"Hekuru","description":"Heterogenit\u00e4t - Kunst - Religionsunterricht","potentialAction":[{"@type":"SearchAction","target":{"@type":"EntryPoint","urlTemplate":"https:\/\/hekuru.de\/?s={search_term_string}"},"query-input":{"@type":"PropertyValueSpecification","valueRequired":true,"valueName":"search_term_string"}}],"inLanguage":"de"}]}},"_links":{"self":[{"href":"https:\/\/hekuru.de\/index.php\/wp-json\/wp\/v2\/pages\/2264","targetHints":{"allow":["GET"]}}],"collection":[{"href":"https:\/\/hekuru.de\/index.php\/wp-json\/wp\/v2\/pages"}],"about":[{"href":"https:\/\/hekuru.de\/index.php\/wp-json\/wp\/v2\/types\/page"}],"author":[{"embeddable":true,"href":"https:\/\/hekuru.de\/index.php\/wp-json\/wp\/v2\/users\/6"}],"replies":[{"embeddable":true,"href":"https:\/\/hekuru.de\/index.php\/wp-json\/wp\/v2\/comments?post=2264"}],"version-history":[{"count":5,"href":"https:\/\/hekuru.de\/index.php\/wp-json\/wp\/v2\/pages\/2264\/revisions"}],"predecessor-version":[{"id":2436,"href":"https:\/\/hekuru.de\/index.php\/wp-json\/wp\/v2\/pages\/2264\/revisions\/2436"}],"wp:attachment":[{"href":"https:\/\/hekuru.de\/index.php\/wp-json\/wp\/v2\/media?parent=2264"}],"curies":[{"name":"wp","href":"https:\/\/api.w.org\/{rel}","templated":true}]}}