{"id":3,"date":"2020-09-10T12:17:47","date_gmt":"2020-09-10T12:17:47","guid":{"rendered":"https:\/\/hekuru.de\/?page_id=3"},"modified":"2020-10-26T09:02:21","modified_gmt":"2020-10-26T09:02:21","slug":"privacy-policy","status":"publish","type":"page","link":"https:\/\/hekuru.de\/index.php\/privacy-policy\/","title":{"rendered":"Datenschutz"},"content":{"rendered":"<div class=\"fusion-fullwidth fullwidth-box fusion-builder-row-1 fusion-flex-container nonhundred-percent-fullwidth non-hundred-percent-height-scrolling\" style=\"background-color: rgba(255,255,255,0);background-position: center center;background-repeat: no-repeat;border-width: 0px 0px 0px 0px;border-color:#e7e4e2;border-style:solid;\" ><div class=\"fusion-builder-row fusion-row fusion-flex-align-items-flex-start\" style=\"max-width:1331.2px;margin-left: calc(-4% \/ 2 );margin-right: calc(-4% \/ 2 );\"><div class=\"fusion-layout-column fusion_builder_column fusion-builder-column-0 fusion_builder_column_1_1 1_1 fusion-flex-column\"><div class=\"fusion-column-wrapper fusion-flex-justify-content-flex-start fusion-content-layout-column\" style=\"background-position:left top;background-repeat:no-repeat;-webkit-background-size:cover;-moz-background-size:cover;-o-background-size:cover;background-size:cover;padding: 0px 0px 0px 0px;\"><div class=\"fusion-text fusion-text-1\"><p><strong>Datenschutz auf einen Blick<\/strong><\/p>\n<p><em>Allgemeine Hinweise<\/em><\/p>\n<p>Die oben genannte Organisationseinheit und das IT und Medien Centrum (ITMC) der Technischen Universit\u00e4t Dortmund nehmen den Schutz von personenbezogenen Daten sehr ernst. Wir verarbeiten personenbezogene Daten, die beim Besuch unserer Webseiten erhoben werden, unter Beachtung der geltenden datenschutzrechtlichen Bestimmungen. Es gelten insbesondere das Datenschutzgesetz NRW (DSG NRW), die Datenschutzgrundverordnung (DSGVO) und das Telemediengesetz.<\/p>\n<p>Kontaktdaten des Datenschutzbeauftragten:<\/p>\n<p>Der Datenschutzbeauftragte des Verantwortlichen ist erreichbar unter:<\/p>\n<p><a href=\"mailto:datenschutzbeauftragter@tu-dortmund.de\">datenschutzbeauftragter@tu-dortmund.de<\/a><\/p>\n<p>TU\u00a0Dort\u00admund<\/p>\n<p>Datenschutzbeauftragter<\/p>\n<p>August-Schmidt-Str. 4<\/p>\n<p>44227\u00a0Dort\u00admund<\/p>\n<h5><strong>I Umfang der Verarbeitung personenbezogener Daten<\/strong><\/h5>\n<p>Wir verarbeiten personenbezogene Daten unserer Nutzer grunds\u00e4tzlich nur, soweit dies zur Bereitstellung einer funktionsf\u00e4higen Website sowie unserer Inhalte und Leistungen\u00a0er\u00adfor\u00adder\u00adlich\u00a0ist. Die Verarbeitung personenbezogener Daten unserer Nutzer erfolgt regelm\u00e4\u00dfig nur nach Einwilligung des Nutzers. Eine Ausnahme gilt in solchen F\u00e4llen, in denen eine vorherige Einholung einer Einwilligung aus tats\u00e4chlichen Gr\u00fcnden nicht\u00a0m\u00f6g\u00adlich\u00a0ist und die Verarbeitung der Daten durch gesetzliche Vorschriften gestattet ist.<\/p>\n<h5><strong>II Datenl\u00f6schung und Speicherdauer<\/strong><\/h5>\n<p>Die personenbezogenen Daten der betroffenen Person werden gel\u00f6scht oder gesperrt, sobald der Zweck der Speicherung entf\u00e4llt. Eine Speicherung kann dar\u00fcber hinaus erfolgen, wenn dies durch den europ\u00e4ischen oder nationalen Gesetzgeber in unionsrechtlichen Verordnungen, Gesetzen oder sonstigen Vorschriften, denen der Verantwortliche unterliegt, vorgesehen wurde. Eine Sperrung oder L\u00f6schung der Daten erfolgt auch dann, wenn eine durch die genannten Normen vorgeschriebene Speicherfrist abl\u00e4uft, es sei denn, dass eine Erforderlichkeit zur weiteren Speicherung der Daten f\u00fcr einen Vertragsabschluss oder eine Vertragserf\u00fcllung besteht.<\/p>\n<h5><strong>III Bereitstellung der Website und Erstellung von Logfiles<\/strong><\/h5>\n<ol>\n<li><strong><em> Beschreibung und Umfang der Datenverarbeitung<\/em><\/strong><\/li>\n<\/ol>\n<p>Bei jedem Aufruf unserer Internetseite erfasst unser System automatisiert Daten und\u00a0In\u00adfor\u00adma\u00adti\u00adonen\u00a0vom Computersystem des aufrufenden Rechners.<\/p>\n<p>Folgende Daten werden hierbei erhoben:<\/p>\n<ul>\n<li>In\u00adfor\u00adma\u00adti\u00adonen\u00a0\u00fcber den Browsertyp und die verwendete Version<\/li>\n<li>Betriebssystem des Nutzers<\/li>\n<li>IP-Adresse des Nutzers<\/li>\n<li>Datum und Uhrzeit des Zugriffs<\/li>\n<\/ul>\n<p>Die Daten werden ebenfalls in den Logfiles unseres Systems gespeichert. Eine Speicherung dieser Daten\u00a0zu\u00adsam\u00admen\u00a0mit anderen personenbezogenen Daten des Nutzers findet nicht statt.<\/p>\n<ol start=\"2\">\n<li><strong><em> Zweck und Rechtsgrundlage f\u00fcr die Datenverarbeitung<\/em><\/strong><\/li>\n<\/ol>\n<p>Die vor\u00fcbergehende Speicherung der IP-Adresse durch das System ist notwendig, um eine Auslieferung der Website an den Rechner des Nutzers zu erm\u00f6glichen. Hierf\u00fcr muss die IP-Adresse des Nutzers f\u00fcr die Dauer der Sitzung gespeichert bleiben. (Erforderlichkeit zur Erf\u00fcllung der Aufgabe der\u00a0Hoch\u00adschu\u00adle\u00a0Art. 6 Abs. 1 lit. e DSGVO)<\/p>\n<p>Die Speicherung in Logfiles erfolgt, um die Funktionsf\u00e4higkeit der Website sicherzustellen. Zudem dienen uns die Daten zur Optimierung der Website und zur Sicherstellung der\u00a0Si\u00adcher\u00adheit\u00a0unserer informationstechnischen Systeme. Eine Auswertung der Daten zu Marketingzwecken findet in diesem Zusammenhang nicht statt. \u00a0(Erforderlichkeit zur Erf\u00fcllung der Aufgabe der\u00a0Hoch\u00adschu\u00adle\u00a0Art. 6 Abs. 1 lit. e DSGVO)<\/p>\n<ol start=\"3\">\n<li><strong><em> Dauer der Speicherung<\/em><\/strong><\/li>\n<\/ol>\n<p>Die Verarbeitung findet w\u00e4hrend der Nutzung bis zum Ende der jeweiligen Sitzung statt.<\/p>\n<p>Im Falle der Speicherung der Daten in Logfiles ist dies nach sp\u00e4testens 24 Stunden der Fall. Danach sind die IP-Adressen der Nutzer anonymisiert, sodass eine Zuordnung des aufrufenden Clients nicht mehr\u00a0m\u00f6g\u00adlich\u00a0ist.<\/p>\n<ol>\n<li><strong> Einsatz von YouTube-Videos<\/strong><\/li>\n<\/ol>\n<p>Wir bieten Nutzern auf unserer Webseite die M\u00f6glichkeit, ausgew\u00e4hlte Videos von YouTube direkt auf der Seite anzuschauen. Zum Schutz der Nutzerdaten wird erst durch Anklicken eines Links eine\u00a0Ver\u00adbin\u00addung\u00a0zu YouTube hergestellt und das Video gestartet. Erst dann werden Daten an den Anbieter gesendet. Sofern Sie den Link nicht anklicken, findet keinerlei Austausch zwischen dem Nutzer und YouTube statt.\u00a0In\u00adfor\u00adma\u00adti\u00adonen\u00a0\u00fcber die Erhebung und Verwendung Ihrer Daten bei YouTube finden Sie hier:\u00a0<a href=\"https:\/\/policies.google.com\/privacy?hl=de&amp;gl=de\">https:\/\/policies.google.com\/privacy?hl=de&amp;gl=de<\/a><\/p>\n<p><strong>\u00a0<\/strong><\/p>\n<p><strong>V Rechte der betroffenen Person<\/strong><\/p>\n<p>Werden personenbezogene Daten von Ihnen verarbeitet, sind Sie betroffene Person i.S.d. DSGVO und es stehen Ihnen folgende Rechte gegen\u00fcber dem Verantwortlichen zu:<\/p>\n<p>Wenn sie ihre Rechte in Anspruch nehmen wollen, wenden Sie sich bitte an den Datenschutzbeauftragten der TU\u00a0Dort\u00admund.<\/p>\n<p><strong><em>1. Auskunft (Art 15 DSGVO)<\/em><\/strong><\/p>\n<p>Sie haben das Recht auf Auskunft \u00fcber Sie betreffende personenbezogene Daten, die erhoben, verarbeitet oder ggf. an Dritte \u00fcbermittelt werden.<\/p>\n<ol start=\"2\">\n<li><strong><em> Widerspruch (Art. 21 DSGVO)<\/em><\/strong><br \/>\nSie haben das Recht gegen die Verarbeitung Ihrer personenbezogenen Daten Widerspruch einzulegen, soweit die Verarbeitung auf der Grundlage von Art. 6 (1) e oder f DSGVO erfolgt.<\/li>\n<li><strong><em> L\u00f6schung (Art 17 DSGVO)<\/em><\/strong><br \/>\nInsbesondere nach Ablauf der gesetzlich vorgeschriebenen Aufbewahrungsfristen haben Sie ein Recht auf L\u00f6schung Ihrer Daten.<\/li>\n<li><strong><em> Einschr\u00e4nkung der Verarbeitung (Art 18 DSGVO)<\/em><\/strong><\/li>\n<\/ol>\n<p>In besonderen F\u00e4llen haben Sie das Recht auf Einschr\u00e4nkung der Verarbeitung. Dies ist dann der Fall, wenn die Datenverarbeitung unrechtm\u00e4\u00dfig sein sollte, Sie die Richtigkeit der erhobenen Daten bestreiten oder ein Widerspruch gegen die Verarbeitung eingelegt haben. Ebenso k\u00f6nnen Sie eine Einschr\u00e4nkung der Verarbeitung verlangen, wenn die Daten aufgrund der Zweckerreichung einer L\u00f6schpflicht unterliegen, Sie sie jedoch zur Geltendmachung von rechtlichen Anspr\u00fcchen ben\u00f6tigen. Eine Einschr\u00e4nkung der Verarbeitung m\u00fcssen Sie beantragen.<\/p>\n<ol start=\"5\">\n<li><strong><em> Berichtigung (Art 16 DSGVO)<\/em><\/strong><br \/>\nSie haben das Recht auf Berichtigung unrichtiger personenbezogener Daten.<\/li>\n<li><strong><em> Recht auf Widerruf der<\/em><\/strong><em>daten\u00adschutz\u00adrecht\u00adlichen<\/em><strong><em>Einwilligungserkl\u00e4rung (Art 7 DSGVO)<\/em><\/strong><\/li>\n<\/ol>\n<p>Sie haben das Recht, Ihre datenschutzrechtliche Einwilligungserkl\u00e4rung jederzeit zu widerrufen. Durch den Widerruf der Einwilligung wird die Rechtm\u00e4\u00dfigkeit der aufgrund der Einwilligung bis zum Widerruf erfolgten Verarbeitung nicht ber\u00fchrt.<\/p>\n<p><strong>\u00a0<\/strong><\/p>\n<ol start=\"7\">\n<li><strong><em> Recht auf Beschwerde bei einer Aufsichtsbeh\u00f6rde<\/em><\/strong><\/li>\n<\/ol>\n<p>Sie k\u00f6nnen sich jederzeit mit allen Fragen zum\u00a0Daten\u00adschutz\u00a0und um sich zu beschweren an eine Datenschutzaufsichtsbeh\u00f6rde wenden. Zust\u00e4ndig ist in unserem Fall die Landesbeauftragte f\u00fcr\u00a0Daten\u00adschutz\u00a0und Informationsfreiheit in Nordrhein-Westfalen.<\/p>\n<p>Bitte beachten Sie, dass diese Datenschutzerkl\u00e4rung nicht f\u00fcr alle Teile des Internetauftritts der TU\u00a0Dort\u00admund\u00a0gilt.<\/p>\n<p><strong>Name und Anschrift des Verantwortlichen<\/strong><\/p>\n<p>Der Verantwortliche im Sinne der\u00a0Daten\u00adschutz-Grundverordnung und anderer nationaler Datenschutzgesetze der Mitgliedsstaaten sowie sonstiger datenschutzrechtlicher Bestimmungen ist die:<\/p>\n<p>TU\u00a0Dort\u00admund<\/p>\n<p>Der Rektor<\/p>\n<p>Technische\u00a0Uni\u00adver\u00adsi\u00adt\u00e4t\u00a0Dort\u00admund<br \/>\nAugust-Schmidt-Stra\u00dfe 4<\/p>\n<p>44227\u00a0Dort\u00admund<br \/>\nTelefon: 0231 755-1<\/p>\n<\/div><\/div><style type=\"text\/css\">.fusion-body .fusion-builder-column-0{width:100% !important;margin-top : 10px;margin-bottom : 10px;}.fusion-builder-column-0 > .fusion-column-wrapper {padding-top : 0px !important;padding-right : 0px !important;margin-right : 1.92%;padding-bottom : 0px !important;padding-left : 0px !important;margin-left : 1.92%;}@media only screen and (max-width:1024px) {.fusion-body .fusion-builder-column-0{width:100% !important;order : 0;}.fusion-builder-column-0 > .fusion-column-wrapper {margin-right : 1.92%;margin-left : 1.92%;}}@media only screen and (max-width:640px) {.fusion-body .fusion-builder-column-0{width:100% !important;order : 0;}.fusion-builder-column-0 > .fusion-column-wrapper {margin-right : 1.92%;margin-left : 1.92%;}}<\/style><\/div><\/div><style type=\"text\/css\">.fusion-body .fusion-flex-container.fusion-builder-row-1{ padding-top : 0px;margin-top : 0px;padding-right : 0px;padding-bottom : 0px;margin-bottom : 0px;padding-left : 0px;}<\/style><\/div>\n","protected":false},"excerpt":{"rendered":"","protected":false},"author":1,"featured_media":0,"parent":0,"menu_order":0,"comment_status":"closed","ping_status":"open","template":"","meta":{"footnotes":""},"class_list":["post-3","page","type-page","status-publish","hentry"],"yoast_head":"<!-- This site is optimized with the Yoast SEO plugin v26.7 - https:\/\/yoast.com\/wordpress\/plugins\/seo\/ -->\n<title>Datenschutz - Hekuru<\/title>\n<meta name=\"robots\" content=\"index, follow, max-snippet:-1, max-image-preview:large, max-video-preview:-1\" \/>\n<link rel=\"canonical\" href=\"https:\/\/hekuru.de\/index.php\/privacy-policy\/\" \/>\n<meta property=\"og:locale\" content=\"de_DE\" \/>\n<meta property=\"og:type\" content=\"article\" \/>\n<meta property=\"og:title\" content=\"Datenschutz - Hekuru\" \/>\n<meta property=\"og:url\" content=\"https:\/\/hekuru.de\/index.php\/privacy-policy\/\" \/>\n<meta property=\"og:site_name\" content=\"Hekuru\" \/>\n<meta property=\"article:modified_time\" content=\"2020-10-26T09:02:21+00:00\" \/>\n<meta name=\"twitter:card\" content=\"summary_large_image\" \/>\n<meta name=\"twitter:label1\" content=\"Gesch\u00e4tzte Lesezeit\" \/>\n\t<meta name=\"twitter:data1\" content=\"8\u00a0Minuten\" \/>\n<script type=\"application\/ld+json\" class=\"yoast-schema-graph\">{\"@context\":\"https:\/\/schema.org\",\"@graph\":[{\"@type\":\"WebPage\",\"@id\":\"https:\/\/hekuru.de\/index.php\/privacy-policy\/\",\"url\":\"https:\/\/hekuru.de\/index.php\/privacy-policy\/\",\"name\":\"Datenschutz - Hekuru\",\"isPartOf\":{\"@id\":\"https:\/\/hekuru.de\/#website\"},\"datePublished\":\"2020-09-10T12:17:47+00:00\",\"dateModified\":\"2020-10-26T09:02:21+00:00\",\"breadcrumb\":{\"@id\":\"https:\/\/hekuru.de\/index.php\/privacy-policy\/#breadcrumb\"},\"inLanguage\":\"de\",\"potentialAction\":[{\"@type\":\"ReadAction\",\"target\":[\"https:\/\/hekuru.de\/index.php\/privacy-policy\/\"]}]},{\"@type\":\"BreadcrumbList\",\"@id\":\"https:\/\/hekuru.de\/index.php\/privacy-policy\/#breadcrumb\",\"itemListElement\":[{\"@type\":\"ListItem\",\"position\":1,\"name\":\"Startseite\",\"item\":\"https:\/\/hekuru.de\/\"},{\"@type\":\"ListItem\",\"position\":2,\"name\":\"Datenschutz\"}]},{\"@type\":\"WebSite\",\"@id\":\"https:\/\/hekuru.de\/#website\",\"url\":\"https:\/\/hekuru.de\/\",\"name\":\"Hekuru\",\"description\":\"Heterogenit\u00e4t - Kunst - Religionsunterricht\",\"potentialAction\":[{\"@type\":\"SearchAction\",\"target\":{\"@type\":\"EntryPoint\",\"urlTemplate\":\"https:\/\/hekuru.de\/?s={search_term_string}\"},\"query-input\":{\"@type\":\"PropertyValueSpecification\",\"valueRequired\":true,\"valueName\":\"search_term_string\"}}],\"inLanguage\":\"de\"}]}<\/script>\n<!-- \/ Yoast SEO plugin. -->","yoast_head_json":{"title":"Datenschutz - Hekuru","robots":{"index":"index","follow":"follow","max-snippet":"max-snippet:-1","max-image-preview":"max-image-preview:large","max-video-preview":"max-video-preview:-1"},"canonical":"https:\/\/hekuru.de\/index.php\/privacy-policy\/","og_locale":"de_DE","og_type":"article","og_title":"Datenschutz - Hekuru","og_url":"https:\/\/hekuru.de\/index.php\/privacy-policy\/","og_site_name":"Hekuru","article_modified_time":"2020-10-26T09:02:21+00:00","twitter_card":"summary_large_image","twitter_misc":{"Gesch\u00e4tzte Lesezeit":"8\u00a0Minuten"},"schema":{"@context":"https:\/\/schema.org","@graph":[{"@type":"WebPage","@id":"https:\/\/hekuru.de\/index.php\/privacy-policy\/","url":"https:\/\/hekuru.de\/index.php\/privacy-policy\/","name":"Datenschutz - Hekuru","isPartOf":{"@id":"https:\/\/hekuru.de\/#website"},"datePublished":"2020-09-10T12:17:47+00:00","dateModified":"2020-10-26T09:02:21+00:00","breadcrumb":{"@id":"https:\/\/hekuru.de\/index.php\/privacy-policy\/#breadcrumb"},"inLanguage":"de","potentialAction":[{"@type":"ReadAction","target":["https:\/\/hekuru.de\/index.php\/privacy-policy\/"]}]},{"@type":"BreadcrumbList","@id":"https:\/\/hekuru.de\/index.php\/privacy-policy\/#breadcrumb","itemListElement":[{"@type":"ListItem","position":1,"name":"Startseite","item":"https:\/\/hekuru.de\/"},{"@type":"ListItem","position":2,"name":"Datenschutz"}]},{"@type":"WebSite","@id":"https:\/\/hekuru.de\/#website","url":"https:\/\/hekuru.de\/","name":"Hekuru","description":"Heterogenit\u00e4t - Kunst - Religionsunterricht","potentialAction":[{"@type":"SearchAction","target":{"@type":"EntryPoint","urlTemplate":"https:\/\/hekuru.de\/?s={search_term_string}"},"query-input":{"@type":"PropertyValueSpecification","valueRequired":true,"valueName":"search_term_string"}}],"inLanguage":"de"}]}},"_links":{"self":[{"href":"https:\/\/hekuru.de\/index.php\/wp-json\/wp\/v2\/pages\/3","targetHints":{"allow":["GET"]}}],"collection":[{"href":"https:\/\/hekuru.de\/index.php\/wp-json\/wp\/v2\/pages"}],"about":[{"href":"https:\/\/hekuru.de\/index.php\/wp-json\/wp\/v2\/types\/page"}],"author":[{"embeddable":true,"href":"https:\/\/hekuru.de\/index.php\/wp-json\/wp\/v2\/users\/1"}],"replies":[{"embeddable":true,"href":"https:\/\/hekuru.de\/index.php\/wp-json\/wp\/v2\/comments?post=3"}],"version-history":[{"count":4,"href":"https:\/\/hekuru.de\/index.php\/wp-json\/wp\/v2\/pages\/3\/revisions"}],"predecessor-version":[{"id":2262,"href":"https:\/\/hekuru.de\/index.php\/wp-json\/wp\/v2\/pages\/3\/revisions\/2262"}],"wp:attachment":[{"href":"https:\/\/hekuru.de\/index.php\/wp-json\/wp\/v2\/media?parent=3"}],"curies":[{"name":"wp","href":"https:\/\/api.w.org\/{rel}","templated":true}]}}